{"id":156,"date":"2026-03-22T02:18:29","date_gmt":"2026-03-22T02:18:29","guid":{"rendered":"https:\/\/yocuido.cl\/?page_id=156"},"modified":"2026-03-25T13:16:36","modified_gmt":"2026-03-25T13:16:36","slug":"nuestra-historia","status":"publish","type":"page","link":"https:\/\/yocuido.cl\/index.php\/nuestra-historia\/","title":{"rendered":"Nuestra Historia"},"content":{"rendered":"<p><span style=\"font-weight: 400;\">Yo Cuido nace en el a\u00f1o 2018, logrando conectar a trav\u00e9s de la red social Facebook a las Personas Cuidadoras de diferentes zonas del pa\u00eds.\u00a0 Reconociendo la necesidad de apoyo y protecci\u00f3n para las Cuidadoras informales se solicita ayuda a diversas autoridades locales, con el compromiso de trabajo pol\u00edtico con las Cuidadoras, se estableci\u00f3 una agenda de trabajo, para lograr en mayo de 2018 la conformaci\u00f3n de la Asociaci\u00f3n Yo Cuido, en agosto del mismo a\u00f1o, se obtiene la Personalidad Jur\u00eddica, donde se reconoce la urgente necesidad de trabajar por conseguir pol\u00edticas p\u00fablicas que apoyen y dignifiquen la labor de las Personas Cuidadoras.\u00a0 A la saz\u00f3n, la entonces Cuidadora Mariela Serey fund\u00f3 desde la V Regi\u00f3n la Asociaci\u00f3n Yo Cuido.<\/span><\/p>\n<p>&nbsp;<\/p>\n<p><span style=\"font-weight: 400;\">Se presentaron las necesidades ante diferentes municipalidades, no obstante los objetivos de la Corresponsabilidad exced\u00edan dicha entidad, por lo que se escala hacia la red ministerial y el poder legislativo.\u00a0 Se participa en la redacci\u00f3n de la nueva constituci\u00f3n, con la finalidad de establecer el derecho al cuidado y ser cuidadas, donde la Presidenta Mariela Serey Jim\u00e9nez gana la elecci\u00f3n y se establece como Convencional Constituyente, cuya misi\u00f3n fue conseguir que el derecho al cuidado tuviera rango constitucional, logrando ser incluido en el texto de la propuesta.<\/span><\/p>\n<p>&nbsp;<\/p>\n<p><span style=\"font-weight: 400;\">Dicho proceso no tuvo \u00e9xito, sin embargo se logr\u00f3 sensibilizar y visibilizar la realidad de la labor del cuidado, logrando el compromiso de diferentes sectores pol\u00edticos, llevando adelante una agenda donde los derechos de las Personas Cuidadoras se ubicaran en el centro de las iniciativas.\u00a0 El entonces candidato a la presidencia de la rep\u00fablica don Gabriel Boric Font, se reuni\u00f3 con la Asociaci\u00f3n Yo Cuido, conociendo de cerca la condici\u00f3n concreta de existencia de las Personas Cuidadoras, comprometi\u00e9ndo a trabajar por la creaci\u00f3n de un Sistema Nacional de Cuidados.\u00a0<\/span><\/p>\n","protected":false},"excerpt":{"rendered":"<p>Yo Cuido nace en el a\u00f1o 2018, logrando conectar a trav\u00e9s de la red social Facebook a las Personas Cuidadoras de diferentes zonas del pa\u00eds.\u00a0 Reconociendo la necesidad de apoyo &#8230;<\/p>\n","protected":false},"author":1,"featured_media":157,"parent":0,"menu_order":0,"comment_status":"closed","ping_status":"closed","template":"","meta":{"footnotes":""},"class_list":["post-156","page","type-page","status-publish","has-post-thumbnail","hentry"],"_links":{"self":[{"href":"https:\/\/yocuido.cl\/index.php\/wp-json\/wp\/v2\/pages\/156","targetHints":{"allow":["GET"]}}],"collection":[{"href":"https:\/\/yocuido.cl\/index.php\/wp-json\/wp\/v2\/pages"}],"about":[{"href":"https:\/\/yocuido.cl\/index.php\/wp-json\/wp\/v2\/types\/page"}],"author":[{"embeddable":true,"href":"https:\/\/yocuido.cl\/index.php\/wp-json\/wp\/v2\/users\/1"}],"replies":[{"embeddable":true,"href":"https:\/\/yocuido.cl\/index.php\/wp-json\/wp\/v2\/comments?post=156"}],"version-history":[{"count":2,"href":"https:\/\/yocuido.cl\/index.php\/wp-json\/wp\/v2\/pages\/156\/revisions"}],"predecessor-version":[{"id":183,"href":"https:\/\/yocuido.cl\/index.php\/wp-json\/wp\/v2\/pages\/156\/revisions\/183"}],"wp:featuredmedia":[{"embeddable":true,"href":"https:\/\/yocuido.cl\/index.php\/wp-json\/wp\/v2\/media\/157"}],"wp:attachment":[{"href":"https:\/\/yocuido.cl\/index.php\/wp-json\/wp\/v2\/media?parent=156"}],"curies":[{"name":"wp","href":"https:\/\/api.w.org\/{rel}","templated":true}]}}