{"id":160,"date":"2026-03-22T03:05:45","date_gmt":"2026-03-22T03:05:45","guid":{"rendered":"https:\/\/yocuido.cl\/?page_id=160"},"modified":"2026-03-22T03:05:45","modified_gmt":"2026-03-22T03:05:45","slug":"nuestra-vision","status":"publish","type":"page","link":"https:\/\/yocuido.cl\/index.php\/nuestra-vision\/","title":{"rendered":"Nuestra Visi\u00f3n"},"content":{"rendered":"<p><span style=\"font-weight: 400;\">El enfoque de la Asociaci\u00f3n Yo Cuido se basa en la Declaraci\u00f3n Universal de los Derechos Humanos, de tal manera se entiende al Estado como ente principal de garant\u00eda y goce de los derechos promulgados y ratificados por el Estado de Chile en dicha Declaraci\u00f3n.\u00a0 En este sentido y en el constructo moderno, es necesario profundizar sobre la realidad de la participaci\u00f3n de las Personas Cuidadoras en los aspectos vitales de las esferas de la salud, educaci\u00f3n, trabajo, vivienda, descanso (o reparaci\u00f3n de energ\u00edas f\u00edsicas\/mentales) y participaci\u00f3n social.<\/span><\/p>\n<p>&nbsp;<\/p>\n<p><span style=\"font-weight: 400;\">Al ser la labor de cuidados depositada y ejercida mayoritariamente por mujeres, la Asociaci\u00f3n Yo Cuido se reconoce como feminista \u00e9tico-reflexiva, ya que se busca equidad entre g\u00e9neros y justicia social ante la divisi\u00f3n sexual de responsabilidades y labor humana en la actualidad. \u00a0 Como tal, Yo Cuido es consciente de que el Cuidado es una responsabilidad social que debe ser compartida equitativamente en la ciudadan\u00eda, coexistiendo un compromiso transversal en el logro de un cambio cultural y en los hechos concretos de las actividades cotidianas realizadas tanto en la individualidad de lo privado como en los espacios p\u00fablicos, desarrollando la Corresponsabilidad Social en ello.<\/span><\/p>\n<p>&nbsp;<\/p>\n<p><span style=\"font-weight: 400;\">La Asociaci\u00f3n Yo Cuido tambi\u00e9n se define como una organizaci\u00f3n social y pol\u00edtica, es decir, contempla acciones de sensibilizaci\u00f3n comunitaria e incidencia en el aspecto pol\u00edtico para conseguir respeto y reconocimiento del derecho a cuidar y ser cuidadas con respaldo constitucional de derechos sociales.\u00a0 Se busca hacer visible la labor fundamental del ejercicio cotidiano de la Persona Cuidadora en la sociedad, garantizar sus derechos y conseguir la Corresponsabilidad Social y del Estado.\u00a0 Visualiza una transformaci\u00f3n social por tanto\u00a0 la organizaci\u00f3n se define dentro de un movimiento social que lucha por este cambio.<\/span><\/p>\n","protected":false},"excerpt":{"rendered":"<p>El enfoque de la Asociaci\u00f3n Yo Cuido se basa en la Declaraci\u00f3n Universal de los Derechos Humanos, de tal manera se entiende al Estado como ente principal de garant\u00eda y &#8230;<\/p>\n","protected":false},"author":1,"featured_media":161,"parent":0,"menu_order":0,"comment_status":"closed","ping_status":"closed","template":"","meta":{"footnotes":""},"class_list":["post-160","page","type-page","status-publish","has-post-thumbnail","hentry"],"_links":{"self":[{"href":"https:\/\/yocuido.cl\/index.php\/wp-json\/wp\/v2\/pages\/160","targetHints":{"allow":["GET"]}}],"collection":[{"href":"https:\/\/yocuido.cl\/index.php\/wp-json\/wp\/v2\/pages"}],"about":[{"href":"https:\/\/yocuido.cl\/index.php\/wp-json\/wp\/v2\/types\/page"}],"author":[{"embeddable":true,"href":"https:\/\/yocuido.cl\/index.php\/wp-json\/wp\/v2\/users\/1"}],"replies":[{"embeddable":true,"href":"https:\/\/yocuido.cl\/index.php\/wp-json\/wp\/v2\/comments?post=160"}],"version-history":[{"count":1,"href":"https:\/\/yocuido.cl\/index.php\/wp-json\/wp\/v2\/pages\/160\/revisions"}],"predecessor-version":[{"id":163,"href":"https:\/\/yocuido.cl\/index.php\/wp-json\/wp\/v2\/pages\/160\/revisions\/163"}],"wp:featuredmedia":[{"embeddable":true,"href":"https:\/\/yocuido.cl\/index.php\/wp-json\/wp\/v2\/media\/161"}],"wp:attachment":[{"href":"https:\/\/yocuido.cl\/index.php\/wp-json\/wp\/v2\/media?parent=160"}],"curies":[{"name":"wp","href":"https:\/\/api.w.org\/{rel}","templated":true}]}}